{"id":308,"date":"2025-05-21T16:04:14","date_gmt":"2025-05-21T16:04:14","guid":{"rendered":"https:\/\/www.floresderesiliencia.revistacitrico.com\/?page_id=308"},"modified":"2025-05-22T19:01:18","modified_gmt":"2025-05-22T19:01:18","slug":"308-2","status":"publish","type":"page","link":"https:\/\/www.floresderesiliencia.revistacitrico.com\/index.php\/308-2\/","title":{"rendered":"Poemario"},"content":{"rendered":"<p>[et_pb_section fb_built=\u00bb1&#8243; next_background_color=\u00bb#580084&#8243; admin_label=\u00bbHeader\u00bb _builder_version=\u00bb4.27.4&#8243; background_color=\u00bb#091744&#8243; use_background_color_gradient=\u00bbon\u00bb background_color_gradient_stops=\u00bb#091744 0%|#091744 100%\u00bb background_color_gradient_start=\u00bb#091744&#8243; background_color_gradient_end=\u00bb#091744&#8243; background_image=\u00bbhttps:\/\/www.floresderesiliencia.revistacitrico.com\/wp-content\/uploads\/2025\/05\/hd_44da6f4f95b4e12a484bcdaa12b66f61_682e1fc4190ef.png\u00bb parallax=\u00bbon\u00bb custom_padding=\u00bb8vw||24vw||false|false\u00bb bottom_divider_style=\u00bbramp2&#8243; bottom_divider_height=\u00bb24vw\u00bb bottom_divider_flip=\u00bbhorizontal\u00bb global_colors_info=\u00bb{}\u00bb][et_pb_row _builder_version=\u00bb4.16&#8243; custom_padding=\u00bb||253px|||\u00bb global_colors_info=\u00bb{}\u00bb][et_pb_column type=\u00bb4_4&#8243; _builder_version=\u00bb4.16&#8243; custom_padding=\u00bb|||\u00bb global_colors_info=\u00bb{}\u00bb custom_padding__hover=\u00bb|||\u00bb][et_pb_text _builder_version=\u00bb4.16&#8243; text_font=\u00bbLato||||||||\u00bb text_font_size=\u00bb16px\u00bb text_line_height=\u00bb2em\u00bb header_font=\u00bbRubik|700||on|||||\u00bb header_font_size=\u00bb70px\u00bb header_line_height=\u00bb1.2em\u00bb text_orientation=\u00bbcenter\u00bb background_layout=\u00bbdark\u00bb min_height=\u00bb122px\u00bb custom_margin=\u00bb-121px|60px|28px|||\u00bb custom_padding=\u00bb|||1px||\u00bb header_font_size_tablet=\u00bb50px\u00bb header_font_size_phone=\u00bb40px\u00bb header_font_size_last_edited=\u00bbon|phone\u00bb global_colors_info=\u00bb{}\u00bb]<\/p>\n<h1>Poemario<\/h1>\n<p>&nbsp;<\/p>\n<p>[\/et_pb_text][\/et_pb_column][\/et_pb_row][\/et_pb_section][et_pb_section fb_built=\u00bb1&#8243; specialty=\u00bbon\u00bb next_background_color=\u00bb#600093&#8243; padding_top_2=\u00bb16vw\u00bb padding_2_tablet=\u00bb60px|||\u00bb padding_2_phone=\u00bb\u00bb padding_2_last_edited=\u00bbon|tablet\u00bb admin_label=\u00bbFeature\u00bb _builder_version=\u00bb4.27.4&#8243; background_color=\u00bb#580084&#8243; background_image=\u00bbhttps:\/\/www.floresderesiliencia.revistacitrico.com\/wp-content\/uploads\/2025\/05\/22052025-Imagen-de-WhatsApp-2025-05-22-a-las-10.59.30_11506586-copia.png\u00bb parallax=\u00bbon\u00bb inner_width=\u00bb100%\u00bb inner_max_width=\u00bb100%\u00bb custom_padding=\u00bb||8vw||false|false\u00bb bottom_divider_style=\u00bbwave2&#8243; bottom_divider_height=\u00bb12vw\u00bb bottom_divider_flip=\u00bbhorizontal\u00bb hover_enabled=\u00bb0&#8243; use_custom_width=\u00bbon\u00bb width_unit=\u00bboff\u00bb custom_width_percent=\u00bb100%\u00bb global_colors_info=\u00bb{}\u00bb sticky_enabled=\u00bb0&#8243; title_text=\u00bb22052025-Imagen de WhatsApp 2025-05-22 a las 10.59.30_11506586 copia\u00bb][et_pb_column type=\u00bb1_2&#8243; specialty_columns=\u00bb2&#8243; _builder_version=\u00bb4.16&#8243; custom_padding=\u00bb|||\u00bb global_colors_info=\u00bb{}\u00bb parallax__hover=\u00bboff\u00bb parallax_method__hover=\u00bbon\u00bb custom_padding__hover=\u00bb|||\u00bb][et_pb_row_inner use_custom_gutter=\u00bbon\u00bb custom_padding_last_edited=\u00bbon|phone\u00bb _builder_version=\u00bb4.16&#8243; use_background_color_gradient=\u00bbon\u00bb background_color_gradient_direction=\u00bb210deg\u00bb background_color_gradient_stops=\u00bb#00b0db 0%|#1a448b 100%\u00bb background_color_gradient_start=\u00bb#00b0db\u00bb background_color_gradient_end=\u00bb#1a448b\u00bb module_alignment=\u00bbleft\u00bb custom_padding=\u00bb140px|100px|140px|10vw|true|false\u00bb custom_padding_tablet=\u00bb|10vw||10vw||true\u00bb custom_padding_phone=\u00bb60px||60px||true\u00bb animation_style=\u00bbfold\u00bb animation_direction=\u00bbleft\u00bb animation_intensity_fold=\u00bb20%\u00bb hover_enabled=\u00bb0&#8243; border_radii=\u00bb||20px|14vw|\u00bb box_shadow_style=\u00bbpreset7&#8243; box_shadow_horizontal=\u00bb0px\u00bb box_shadow_vertical=\u00bb3px\u00bb box_shadow_color=\u00bbrgba(255,255,255,0.21)\u00bb locked=\u00bboff\u00bb global_colors_info=\u00bb{}\u00bb sticky_enabled=\u00bb0&#8243;][et_pb_column_inner saved_specialty_column_type=\u00bb1_2&#8243; _builder_version=\u00bb4.16&#8243; custom_padding=\u00bb|||\u00bb global_colors_info=\u00bb{}\u00bb parallax__hover=\u00bboff\u00bb parallax_method__hover=\u00bbon\u00bb custom_padding__hover=\u00bb|||\u00bb][et_pb_divider color=\u00bb#14f1d9&#8243; divider_weight=\u00bb4px\u00bb _builder_version=\u00bb4.16&#8243; max_width=\u00bb80px\u00bb height=\u00bb4px\u00bb locked=\u00bboff\u00bb global_colors_info=\u00bb{}\u00bb][\/et_pb_divider][et_pb_text _builder_version=\u00bb4.16&#8243; text_font=\u00bbLato||||||||\u00bb text_text_color=\u00bb#9fb9d6&#8243; text_font_size=\u00bb16px\u00bb text_line_height=\u00bb2em\u00bb header_2_font=\u00bbRubik|700||on|||||\u00bb header_2_font_size=\u00bb44px\u00bb header_2_letter_spacing=\u00bb1px\u00bb header_2_line_height=\u00bb1.3em\u00bb background_layout=\u00bbdark\u00bb header_2_font_size_tablet=\u00bb34px\u00bb header_2_font_size_phone=\u00bb24px\u00bb header_2_font_size_last_edited=\u00bbon|phone\u00bb locked=\u00bboff\u00bb global_colors_info=\u00bb{}\u00bb header_font_size__hover=\u00bb30px\u00bb header_font_size__hover_enabled=\u00bb30px\u00bb header_letter_spacing__hover=\u00bb0px\u00bb header_letter_spacing__hover_enabled=\u00bb0px\u00bb header_text_shadow_style__hover=\u00bbnone\u00bb header_text_shadow_style__hover_enabled=\u00bbnone\u00bb header_text_shadow_color__hover=\u00bbrgba(0,0,0,0.4)\u00bb header_text_shadow_color__hover_enabled=\u00bbrgba(0,0,0,0.4)\u00bb]<\/p>\n<h2>Dej\u00e9 el pasado<\/h2>\n<p>[\/et_pb_text][et_pb_text _builder_version=\u00bb4.16&#8243; text_font=\u00bbLato||||||||\u00bb text_text_color=\u00bb#9fb9d6&#8243; text_font_size=\u00bb16px\u00bb text_line_height=\u00bb2em\u00bb header_2_font=\u00bbRubik|500||on|||||\u00bb header_2_font_size=\u00bb44px\u00bb header_2_letter_spacing=\u00bb1px\u00bb header_2_line_height=\u00bb1.3em\u00bb background_layout=\u00bbdark\u00bb locked=\u00bboff\u00bb global_colors_info=\u00bb{}\u00bb header_font_size__hover=\u00bb30px\u00bb header_font_size__hover_enabled=\u00bb30px\u00bb header_letter_spacing__hover=\u00bb0px\u00bb header_letter_spacing__hover_enabled=\u00bb0px\u00bb header_text_shadow_style__hover=\u00bbnone\u00bb header_text_shadow_style__hover_enabled=\u00bbnone\u00bb header_text_shadow_color__hover=\u00bbrgba(0,0,0,0.4)\u00bb header_text_shadow_color__hover_enabled=\u00bbrgba(0,0,0,0.4)\u00bb]<\/p>\n<p><span style=\"font-weight: 400;\">Pude sanar,<\/span><\/p>\n<p><span style=\"font-weight: 400;\">pude sentir el cari\u00f1o que sol\u00eda faltar.<\/span><\/p>\n<p><span style=\"font-weight: 400;\">Pude perdonarte, y en mi forma de cuidarte,<\/span><\/p>\n<p><span style=\"font-weight: 400;\">te ense\u00f1\u00e9 que el amor sabe esperar.<\/span><\/p>\n<p><span style=\"font-weight: 400;\">Hoy soy feliz, porque entend\u00ed que el dolor<\/span><\/p>\n<p><span style=\"font-weight: 400;\">solo fue una lecci\u00f3n de perd\u00f3n, no de rencor.<\/span><\/p>\n<p>[\/et_pb_text][\/et_pb_column_inner][\/et_pb_row_inner][\/et_pb_column][et_pb_column type=\u00bb1_2&#8243; _builder_version=\u00bb4.16&#8243; custom_padding=\u00bb|||\u00bb global_colors_info=\u00bb{}\u00bb parallax__hover=\u00bboff\u00bb parallax_method__hover=\u00bbon\u00bb padding_top__hover=\u00bb16vw\u00bb padding_tablet__hover=\u00bb60px|||\u00bb padding_last_edited__hover=\u00bbon|tablet\u00bb padding_tablet=\u00bb60px|||\u00bb padding_last_edited=\u00bbon|tablet\u00bb custom_padding__hover=\u00bb|||\u00bb padding_phone=\u00bb60px|||\u00bb][et_pb_image src=\u00bbhttps:\/\/www.floresderesiliencia.revistacitrico.com\/wp-content\/uploads\/2025\/05\/01042025-IMG_5311.png\u00bb title_text=\u00bb01042025-IMG_5311&#8243; align_tablet=\u00bbcenter\u00bb align_phone=\u00bbcenter\u00bb align_last_edited=\u00bbon|desktop\u00bb _builder_version=\u00bb4.27.4&#8243; max_width=\u00bb70%\u00bb custom_margin=\u00bb|||-9vw\u00bb animation_style=\u00bbzoom\u00bb animation_intensity_zoom=\u00bb20%\u00bb border_radii=\u00bbon|20px|20px|20px|20px\u00bb box_shadow_style=\u00bbpreset1&#8243; box_shadow_blur=\u00bb148px\u00bb box_shadow_color=\u00bbrgba(17,16,49,0.56)\u00bb global_colors_info=\u00bb{}\u00bb][\/et_pb_image][et_pb_image src=\u00bbhttps:\/\/www.floresderesiliencia.revistacitrico.com\/wp-content\/uploads\/2025\/05\/21052025-Imagen-de-WhatsApp-2025-05-21-a-las-14.06.24_e4f279c1.png\u00bb title_text=\u00bb21052025-Imagen de WhatsApp 2025-05-21 a las 14.06.24_e4f279c1&#8243; align_tablet=\u00bbcenter\u00bb align_phone=\u00bbcenter\u00bb align_last_edited=\u00bbon|desktop\u00bb _builder_version=\u00bb4.27.4&#8243; max_width=\u00bb60%\u00bb module_alignment=\u00bbright\u00bb custom_margin=\u00bb-12vw||\u00bb animation_style=\u00bbzoom\u00bb animation_delay=\u00bb200ms\u00bb animation_intensity_zoom=\u00bb10%\u00bb border_radii=\u00bb|20px|||20px\u00bb box_shadow_style=\u00bbpreset1&#8243; box_shadow_blur=\u00bb148px\u00bb box_shadow_color=\u00bbrgba(17,16,49,0.56)\u00bb global_colors_info=\u00bb{}\u00bb][\/et_pb_image][\/et_pb_column][\/et_pb_section][et_pb_section fb_built=\u00bb1&#8243; admin_label=\u00bbOverview\u00bb _builder_version=\u00bb4.27.4&#8243; background_color=\u00bb#600093&#8243; background_image=\u00bbhttps:\/\/www.floresderesiliencia.revistacitrico.com\/wp-content\/uploads\/2025\/05\/moraddddd-1.png\u00bb background_position=\u00bbtop_center\u00bb hover_enabled=\u00bb0&#8243; global_colors_info=\u00bb{}\u00bb box_shadow_style__hover=\u00bbnone\u00bb box_shadow_style__hover_enabled=\u00bbnone\u00bb box_shadow_color__hover=\u00bbrgba(0,0,0,0.3)\u00bb box_shadow_color__hover_enabled=\u00bbrgba(0,0,0,0.3)\u00bb sticky_enabled=\u00bb0&#8243; title_text=\u00bbmoraddddd\u00bb][et_pb_row _builder_version=\u00bb4.16&#8243; locked=\u00bboff\u00bb global_colors_info=\u00bb{}\u00bb][et_pb_column type=\u00bb4_4&#8243; _builder_version=\u00bb4.16&#8243; custom_padding=\u00bb|||\u00bb global_colors_info=\u00bb{}\u00bb custom_padding__hover=\u00bb|||\u00bb][et_pb_divider color=\u00bb#14f1d9&#8243; divider_weight=\u00bb4px\u00bb _builder_version=\u00bb4.16&#8243; max_width=\u00bb80px\u00bb module_alignment=\u00bbcenter\u00bb height=\u00bb4px\u00bb locked=\u00bboff\u00bb global_colors_info=\u00bb{}\u00bb][\/et_pb_divider][et_pb_text _builder_version=\u00bb4.16&#8243; text_font=\u00bbLato||||||||\u00bb text_text_color=\u00bb#9fa5d6&#8243; text_font_size=\u00bb16px\u00bb text_line_height=\u00bb2em\u00bb header_2_font=\u00bbRubik|700||on|||||\u00bb header_2_font_size=\u00bb44px\u00bb header_2_letter_spacing=\u00bb1px\u00bb header_2_line_height=\u00bb1.3em\u00bb text_orientation=\u00bbcenter\u00bb background_layout=\u00bbdark\u00bb max_width=\u00bb700px\u00bb module_alignment=\u00bbcenter\u00bb header_2_font_size_tablet=\u00bb34px\u00bb header_2_font_size_phone=\u00bb24px\u00bb header_2_font_size_last_edited=\u00bbon|phone\u00bb locked=\u00bboff\u00bb global_colors_info=\u00bb{}\u00bb header_font_size__hover=\u00bb30px\u00bb header_font_size__hover_enabled=\u00bb30px\u00bb header_letter_spacing__hover=\u00bb0px\u00bb header_letter_spacing__hover_enabled=\u00bb0px\u00bb header_text_shadow_style__hover=\u00bbnone\u00bb header_text_shadow_style__hover_enabled=\u00bbnone\u00bb header_text_shadow_color__hover=\u00bbrgba(0,0,0,0.4)\u00bb header_text_shadow_color__hover_enabled=\u00bbrgba(0,0,0,0.4)\u00bb]<\/p>\n<h2>Genoveva<\/h2>\n<p>&nbsp;<\/p>\n<p>[\/et_pb_text][\/et_pb_column][\/et_pb_row][et_pb_row column_structure=\u00bb1_3,1_3,1_3&#8243; padding_left_right_link_1=\u00bbtrue\u00bb padding_left_right_link_2=\u00bbtrue\u00bb padding_left_right_link_3=\u00bbtrue\u00bb _builder_version=\u00bb4.27.4&#8243; animation_style=\u00bbslide\u00bb animation_direction=\u00bbbottom\u00bb animation_intensity_slide=\u00bb10%\u00bb global_colors_info=\u00bb{}\u00bb][et_pb_column type=\u00bb1_3&#8243; _builder_version=\u00bb4.16&#8243; background_image=\u00bbhttps:\/\/www.floresderesiliencia.revistacitrico.com\/wp-content\/uploads\/2025\/05\/gaming-01.png\u00bb background_size=\u00bbcontain\u00bb background_position=\u00bbtop_center\u00bb custom_padding=\u00bb100px|30px||30px\u00bb hover_enabled=\u00bb0&#8243; global_colors_info=\u00bb{}\u00bb custom_padding__hover=\u00bb|||\u00bb sticky_enabled=\u00bb0&#8243;][et_pb_blurb _builder_version=\u00bb4.27.4&#8243; header_font=\u00bbRubik||||||||\u00bb header_line_height=\u00bb1.6em\u00bb body_font=\u00bbLato||||||||\u00bb body_text_color=\u00bb#9fa5d6&#8243; body_line_height=\u00bb1.9em\u00bb text_orientation=\u00bbcenter\u00bb background_layout=\u00bbdark\u00bb animation=\u00bboff\u00bb hover_enabled=\u00bb0&#8243; locked=\u00bboff\u00bb global_colors_info=\u00bb{}\u00bb sticky_enabled=\u00bb0&#8243;]<\/p>\n<p><span style=\"font-weight: 400;\">S\u00edmbolo de libertad femenina en mi familia,<\/span><\/p>\n<p><span style=\"font-weight: 400;\">pero nunca enemiga del amor ni del otro.<\/span><\/p>\n<p><span style=\"font-weight: 400;\">Me ense\u00f1aste que valgo por m\u00ed,<\/span><\/p>\n<p><span style=\"font-weight: 400;\">no porque alguien lo diga,<\/span><\/p>\n<p><span style=\"font-weight: 400;\">sino porque lo creo, lo siento, lo soy.<\/span><\/p>\n<p>[\/et_pb_blurb][\/et_pb_column][et_pb_column type=\u00bb1_3&#8243; _builder_version=\u00bb4.16&#8243; background_image=\u00bbhttps:\/\/www.floresderesiliencia.revistacitrico.com\/wp-content\/uploads\/2025\/05\/gaming-01.png\u00bb background_size=\u00bbcontain\u00bb background_position=\u00bbtop_center\u00bb custom_padding=\u00bb100px|30px||30px\u00bb global_colors_info=\u00bb{}\u00bb custom_padding__hover=\u00bb|||\u00bb][et_pb_blurb _builder_version=\u00bb4.27.4&#8243; header_font=\u00bbRubik||||||||\u00bb header_line_height=\u00bb1.6em\u00bb body_font=\u00bbLato||||||||\u00bb body_text_color=\u00bb#9fa5d6&#8243; body_line_height=\u00bb1.9em\u00bb text_orientation=\u00bbcenter\u00bb background_layout=\u00bbdark\u00bb animation=\u00bboff\u00bb locked=\u00bboff\u00bb global_colors_info=\u00bb{}\u00bb]<\/p>\n<p><span style=\"font-weight: 400;\">Fuiste fortaleza, sin levantar la voz,<\/span><\/p>\n<p><span style=\"font-weight: 400;\">caminando firme donde otras dudaban.<\/span><\/p>\n<p><span style=\"font-weight: 400;\">Te llamaron bruja,<\/span><\/p>\n<p><span style=\"font-weight: 400;\">porque elegiste la soledad sobre la costumbre,<\/span><\/p>\n<p><span style=\"font-weight: 400;\">porque no supiste fingir uni\u00f3n donde no hab\u00eda amor.<\/span><\/p>\n<p>[\/et_pb_blurb][\/et_pb_column][et_pb_column type=\u00bb1_3&#8243; _builder_version=\u00bb4.16&#8243; background_image=\u00bbhttps:\/\/www.floresderesiliencia.revistacitrico.com\/wp-content\/uploads\/2025\/05\/gaming-01.png\u00bb background_size=\u00bbcontain\u00bb background_position=\u00bbtop_center\u00bb custom_padding=\u00bb100px|30px||30px\u00bb global_colors_info=\u00bb{}\u00bb custom_padding__hover=\u00bb|||\u00bb][et_pb_blurb _builder_version=\u00bb4.27.4&#8243; header_font=\u00bbRubik||||||||\u00bb header_line_height=\u00bb1.6em\u00bb body_font=\u00bbLato||||||||\u00bb body_text_color=\u00bb#9fa5d6&#8243; body_line_height=\u00bb1.9em\u00bb text_orientation=\u00bbcenter\u00bb background_layout=\u00bbdark\u00bb animation=\u00bboff\u00bb locked=\u00bboff\u00bb global_colors_info=\u00bb{}\u00bb]<\/p>\n<p><span style=\"font-weight: 400;\">Nos mostraste que amar no es poseer,<\/span><\/p>\n<p><span style=\"font-weight: 400;\">que el respeto es la forma m\u00e1s limpia del cari\u00f1o.<\/span><\/p>\n<p><span style=\"font-weight: 400;\">Y sin saberlo,<\/span><\/p>\n<p><span style=\"font-weight: 400;\">fuiste feminista de alma clara y mirada dulce,<\/span><\/p>\n<p><span style=\"font-weight: 400;\">la que entendi\u00f3 que hombres y mujeres<\/span><\/p>\n<p><span style=\"font-weight: 400;\">se construyen mejor cuando son libres,<\/span><\/p>\n<p><span style=\"font-weight: 400;\">cuando se eligen,<\/span><\/p>\n<p><span style=\"font-weight: 400;\">y no cuando se aguantan<\/span>.<\/p>\n<p>[\/et_pb_blurb][\/et_pb_column][\/et_pb_row][et_pb_row _builder_version=\u00bb4.27.4&#8243; _module_preset=\u00bbdefault\u00bb global_colors_info=\u00bb{}\u00bb][et_pb_column type=\u00bb4_4&#8243; _builder_version=\u00bb4.27.4&#8243; _module_preset=\u00bbdefault\u00bb global_colors_info=\u00bb{}\u00bb][et_pb_image src=\u00bbhttps:\/\/www.floresderesiliencia.revistacitrico.com\/wp-content\/uploads\/2025\/05\/12042024-hd_2354bd788bd4433b60668d438d49f838_682d58be0fc52.png\u00bb title_text=\u00bb12042024-hd_2354bd788bd4433b60668d438d49f838_682d58be0fc52&#8243; _builder_version=\u00bb4.27.4&#8243; _module_preset=\u00bbdefault\u00bb global_colors_info=\u00bb{}\u00bb][\/et_pb_image][\/et_pb_column][\/et_pb_row][\/et_pb_section][et_pb_section fb_built=\u00bb1&#8243; admin_label=\u00bbFeature\u00bb _builder_version=\u00bb4.27.4&#8243; background_color=\u00bb#540091&#8243; hover_enabled=\u00bb0&#8243; global_colors_info=\u00bb{}\u00bb title_text=\u00bb22052025-Imagen de WhatsApp 2025-05-22 a las 13.57.05_686fdbef copia\u00bb background_image=\u00bbhttps:\/\/www.floresderesiliencia.revistacitrico.com\/wp-content\/uploads\/2025\/05\/22052025-Imagen-de-WhatsApp-2025-05-22-a-las-13.57.05_686fdbef-copia.png\u00bb sticky_enabled=\u00bb0&#8243;][et_pb_row column_structure=\u00bb1_2,1_2&#8243; _builder_version=\u00bb4.16&#8243; hover_enabled=\u00bb0&#8243; global_colors_info=\u00bb{}\u00bb sticky_enabled=\u00bb0&#8243;][et_pb_column type=\u00bb1_2&#8243; _builder_version=\u00bb4.16&#8243; custom_padding=\u00bb|||\u00bb global_colors_info=\u00bb{}\u00bb custom_padding__hover=\u00bb|||\u00bb][et_pb_text _builder_version=\u00bb4.16&#8243; text_font=\u00bbLato||||||||\u00bb text_font_size=\u00bb16px\u00bb text_line_height=\u00bb2em\u00bb header_2_font=\u00bbRubik|700||on|||||\u00bb header_2_font_size=\u00bb44px\u00bb header_2_letter_spacing=\u00bb1px\u00bb header_2_line_height=\u00bb1.3em\u00bb background_layout=\u00bbdark\u00bb header_2_font_size_tablet=\u00bb34px\u00bb header_2_font_size_phone=\u00bb24px\u00bb header_2_font_size_last_edited=\u00bbon|phone\u00bb locked=\u00bboff\u00bb global_colors_info=\u00bb{}\u00bb header_font_size__hover=\u00bb30px\u00bb header_font_size__hover_enabled=\u00bb30px\u00bb header_letter_spacing__hover=\u00bb0px\u00bb header_letter_spacing__hover_enabled=\u00bb0px\u00bb header_text_shadow_style__hover=\u00bbnone\u00bb header_text_shadow_style__hover_enabled=\u00bbnone\u00bb header_text_shadow_color__hover=\u00bbrgba(0,0,0,0.4)\u00bb header_text_shadow_color__hover_enabled=\u00bbrgba(0,0,0,0.4)\u00bb]<\/p>\n<h2>Ense\u00f1anza<\/h2>\n<p>[\/et_pb_text][et_pb_text _builder_version=\u00bb4.16&#8243; text_font=\u00bbLato||||||||\u00bb text_font_size=\u00bb16px\u00bb text_line_height=\u00bb2em\u00bb background_layout=\u00bbdark\u00bb locked=\u00bboff\u00bb global_colors_info=\u00bb{}\u00bb]<\/p>\n<p><span style=\"font-weight: 400;\">Cada cosa que pasa en la vida,<\/span><\/p>\n<p><span style=\"font-weight: 400;\">por m\u00e1s oscura que parezca,<\/span><\/p>\n<p><span style=\"font-weight: 400;\">siempre trae una grieta por donde entra la ense\u00f1anza.<\/span><\/p>\n<p>&nbsp;<\/p>\n<p><span style=\"font-weight: 400;\">Aunque la sombra se asome sin aviso,<\/span><\/p>\n<p><span style=\"font-weight: 400;\">aunque duela,<\/span><\/p>\n<p><span style=\"font-weight: 400;\">aunque pese,<\/span><\/p>\n<p><span style=\"font-weight: 400;\">si miras con el coraz\u00f3n despierto,<\/span><\/p>\n<p><span style=\"font-weight: 400;\">descubres que hasta el dolor<\/span><\/p>\n<p><span style=\"font-weight: 400;\">quiere decirte algo.<\/span><\/p>\n<p>&nbsp;<\/p>\n<p><span style=\"font-weight: 400;\">Siempre hay una luz,<\/span><\/p>\n<p><span style=\"font-weight: 400;\">a veces t\u00edmida, a veces feroz,<\/span><\/p>\n<p><span style=\"font-weight: 400;\">que llega a mostrarte el camino<\/span><\/p>\n<p><span style=\"font-weight: 400;\">para liberarte de aquello<\/span><\/p>\n<p><span style=\"font-weight: 400;\">que en tu cuerpo o tu mente<\/span><\/p>\n<p><span style=\"font-weight: 400;\">ya no ten\u00eda lugar<\/span><\/p>\n<p>&nbsp;<\/p>\n<p>[\/et_pb_text][\/et_pb_column][et_pb_column type=\u00bb1_2&#8243; _builder_version=\u00bb4.16&#8243; custom_padding=\u00bb42px|||\u00bb custom_padding_tablet=\u00bb0px|||\u00bb custom_padding_phone=\u00bb0px|||\u00bb custom_padding_last_edited=\u00bbon|tablet\u00bb global_colors_info=\u00bb{}\u00bb padding_tablet=\u00bb0px|||\u00bb padding_last_edited=\u00bbon|tablet\u00bb custom_padding__hover=\u00bb|||\u00bb padding_phone=\u00bb0px|||\u00bb][et_pb_image src=\u00bbhttps:\/\/www.floresderesiliencia.revistacitrico.com\/wp-content\/uploads\/2025\/05\/19052025-Imagen-de-WhatsApp-2025-05-20-a-las-14.22.44_0e95603a.png\u00bb title_text=\u00bb19052025-Imagen de WhatsApp 2025-05-20 a las 14.22.44_0e95603a\u00bb _builder_version=\u00bb4.27.4&#8243; _module_preset=\u00bbdefault\u00bb global_colors_info=\u00bb{}\u00bb][\/et_pb_image][\/et_pb_column][\/et_pb_row][\/et_pb_section]<\/p>\n","protected":false},"excerpt":{"rendered":"<p>Poemario &nbsp;Dej\u00e9 el pasadoPude sanar, pude sentir el cari\u00f1o que sol\u00eda faltar. Pude perdonarte, y en mi forma de cuidarte, te ense\u00f1\u00e9 que el amor sabe esperar. Hoy soy feliz, porque entend\u00ed que el dolor solo fue una lecci\u00f3n de perd\u00f3n, no de rencor.Genoveva &nbsp;S\u00edmbolo de libertad femenina en mi familia, pero nunca enemiga del amor ni del otro. Me ense\u00f1aste que valgo por m\u00ed, no porque alguien lo diga, sino porque lo creo, lo siento, lo soy.Fuiste fortaleza, sin levantar la voz, caminando firme donde otras dudaban. Te llamaron bruja, porque elegiste la soledad sobre la costumbre, porque no supiste fingir uni\u00f3n donde no hab\u00eda amor.Nos mostraste que amar no es poseer, que el respeto es la forma m\u00e1s limpia del cari\u00f1o. Y sin saberlo, fuiste feminista de alma clara y mirada dulce, la que entendi\u00f3 que hombres y mujeres se construyen mejor cuando son libres, cuando se eligen, y no cuando se aguantan.Ense\u00f1anzaCada cosa que pasa en la vida, por m\u00e1s oscura que parezca, siempre trae una grieta por donde entra la ense\u00f1anza. &nbsp; Aunque la sombra se asome sin aviso, aunque duela, aunque pese, si miras con el coraz\u00f3n despierto, descubres que hasta el dolor quiere decirte [&hellip;]<\/p>\n","protected":false},"author":1,"featured_media":0,"parent":0,"menu_order":0,"comment_status":"closed","ping_status":"closed","template":"","meta":{"_et_pb_use_builder":"on","_et_pb_old_content":"","_et_gb_content_width":"","footnotes":""},"class_list":["post-308","page","type-page","status-publish","hentry"],"_links":{"self":[{"href":"https:\/\/www.floresderesiliencia.revistacitrico.com\/index.php\/wp-json\/wp\/v2\/pages\/308","targetHints":{"allow":["GET"]}}],"collection":[{"href":"https:\/\/www.floresderesiliencia.revistacitrico.com\/index.php\/wp-json\/wp\/v2\/pages"}],"about":[{"href":"https:\/\/www.floresderesiliencia.revistacitrico.com\/index.php\/wp-json\/wp\/v2\/types\/page"}],"author":[{"embeddable":true,"href":"https:\/\/www.floresderesiliencia.revistacitrico.com\/index.php\/wp-json\/wp\/v2\/users\/1"}],"replies":[{"embeddable":true,"href":"https:\/\/www.floresderesiliencia.revistacitrico.com\/index.php\/wp-json\/wp\/v2\/comments?post=308"}],"version-history":[{"count":29,"href":"https:\/\/www.floresderesiliencia.revistacitrico.com\/index.php\/wp-json\/wp\/v2\/pages\/308\/revisions"}],"predecessor-version":[{"id":485,"href":"https:\/\/www.floresderesiliencia.revistacitrico.com\/index.php\/wp-json\/wp\/v2\/pages\/308\/revisions\/485"}],"wp:attachment":[{"href":"https:\/\/www.floresderesiliencia.revistacitrico.com\/index.php\/wp-json\/wp\/v2\/media?parent=308"}],"curies":[{"name":"wp","href":"https:\/\/api.w.org\/{rel}","templated":true}]}}