{"id":279,"date":"2025-05-21T15:06:53","date_gmt":"2025-05-21T15:06:53","guid":{"rendered":"https:\/\/www.floresderesiliencia.revistacitrico.com\/?page_id=279"},"modified":"2025-05-22T18:47:05","modified_gmt":"2025-05-22T18:47:05","slug":"279-2","status":"publish","type":"page","link":"https:\/\/www.floresderesiliencia.revistacitrico.com\/index.php\/279-2\/","title":{"rendered":"Cr\u00f3nica"},"content":{"rendered":"<p>[et_pb_section fb_built=\u00bb1&#8243; admin_label=\u00bbHeader\u00bb _builder_version=\u00bb4.27.4&#8243; _module_preset=\u00bbdefault\u00bb background_color=\u00bb#01012C\u00bb use_background_color_gradient=\u00bbon\u00bb background_color_gradient_direction=\u00bb0deg\u00bb background_color_gradient_stops=\u00bbrgba(1,1,44,0) 0%|rgba(1,1,44,0.64) 100%\u00bb background_color_gradient_overlays_image=\u00bbon\u00bb background_color_gradient_start=\u00bbrgba(1,1,44,0)\u00bb background_color_gradient_end=\u00bbrgba(1,1,44,0.64)\u00bb background_image=\u00bbhttps:\/\/www.floresderesiliencia.revistacitrico.com\/wp-content\/uploads\/2025\/05\/04042024-04042024-IMG_6370_jpg-copia.png\u00bb min_height=\u00bb991.8px\u00bb custom_margin=\u00bb||-4px|||\u00bb custom_padding=\u00bb||312px|||\u00bb locked=\u00bboff\u00bb global_colors_info=\u00bb{}\u00bb][et_pb_row _builder_version=\u00bb4.16&#8243; _module_preset=\u00bbdefault\u00bb global_colors_info=\u00bb{}\u00bb][et_pb_column type=\u00bb4_4&#8243; _builder_version=\u00bb4.16&#8243; _module_preset=\u00bbdefault\u00bb global_colors_info=\u00bb{}\u00bb][et_pb_text _builder_version=\u00bb4.27.4&#8243; _module_preset=\u00bbe864d11f-3dab-4fa3-ac06-4f0e1a260807&#8243; header_font=\u00bbBarlow Condensed|500|||||||\u00bb header_text_color=\u00bb#FFFFFF\u00bb header_font_size=\u00bb140px\u00bb custom_margin=\u00bb|3px|0px||false|false\u00bb animation_style=\u00bbfade\u00bb header_font_size_tablet=\u00bb42px\u00bb header_font_size_phone=\u00bb26px\u00bb header_font_size_last_edited=\u00bbon|tablet\u00bb locked=\u00bboff\u00bb global_colors_info=\u00bb{}\u00bb]<\/p>\n<h1 style=\"text-align: center;\">\u00bfLas vidas cambian y se fortalecen?<\/h1>\n<p>[\/et_pb_text][et_pb_text _builder_version=\u00bb4.16&#8243; _module_preset=\u00bb534cc526-6274-4e31-9e1a-7f18a5947bf1&#8243; header_4_font=\u00bbArchivo|600||on|||||\u00bb header_4_text_color=\u00bb#DB0EB7&#8243; header_4_font_size=\u00bb13px\u00bb header_4_letter_spacing=\u00bb1px\u00bb header_4_line_height=\u00bb1.5em\u00bb text_orientation=\u00bbcenter\u00bb custom_margin=\u00bb||0px||false|false\u00bb custom_padding=\u00bb||0px|||\u00bb header_4_font_size_tablet=\u00bb\u00bb header_4_font_size_phone=\u00bb\u00bb header_4_font_size_last_edited=\u00bbon|desktop\u00bb locked=\u00bboff\u00bb global_colors_info=\u00bb{}\u00bb]<\/p>\n<p><span style=\"font-weight: 400; color: #ffffff;\">Autor: Christian Camilo Maigual L\u00f3pez<\/span><\/p>\n<p>[\/et_pb_text][\/et_pb_column][\/et_pb_row][\/et_pb_section][et_pb_section fb_built=\u00bb1&#8243; admin_label=\u00bbHeader\u00bb _builder_version=\u00bb4.27.4&#8243; _module_preset=\u00bbdefault\u00bb background_color=\u00bb#01012C\u00bb use_background_color_gradient=\u00bbon\u00bb background_color_gradient_direction=\u00bb0deg\u00bb background_color_gradient_stops=\u00bbrgba(1,1,44,0) 0%|rgba(1,1,44,0.64) 100%\u00bb background_color_gradient_overlays_image=\u00bbon\u00bb background_color_gradient_start=\u00bbrgba(1,1,44,0)\u00bb background_color_gradient_end=\u00bbrgba(1,1,44,0.64)\u00bb background_image=\u00bbhttps:\/\/www.floresderesiliencia.revistacitrico.com\/wp-content\/uploads\/2025\/05\/21052025-Imagen-de-WhatsApp-2025-05-21-a-las-12.23.29_817a80de-copia.png\u00bb min_height=\u00bb744.3px\u00bb custom_padding=\u00bb117px||0px|||\u00bb locked=\u00bboff\u00bb global_colors_info=\u00bb{}\u00bb][et_pb_row column_structure=\u00bb2_5,3_5&#8243; _builder_version=\u00bb4.27.4&#8243; _module_preset=\u00bbdefault\u00bb min_height=\u00bb800.3px\u00bb custom_margin=\u00bb||||false|false\u00bb custom_padding=\u00bb||110px||false|false\u00bb animation_style=\u00bbzoom\u00bb animation_duration=\u00bb1700ms\u00bb global_colors_info=\u00bb{}\u00bb][et_pb_column type=\u00bb2_5&#8243; _builder_version=\u00bb4.16&#8243; _module_preset=\u00bbdefault\u00bb background_color=\u00bb#FFFFFF\u00bb transform_scale_tablet=\u00bb\u00bb transform_scale_phone=\u00bb\u00bb transform_scale_last_edited=\u00bbon|tablet\u00bb transform_translate=\u00bb100px|110px\u00bb transform_translate_tablet=\u00bb0px|0px\u00bb transform_translate_phone=\u00bb\u00bb transform_translate_last_edited=\u00bbon|desktop\u00bb transform_translate_linked=\u00bboff\u00bb transform_rotate_tablet=\u00bb\u00bb transform_rotate_phone=\u00bb\u00bb transform_rotate_last_edited=\u00bbon|desktop\u00bb transform_skew_tablet=\u00bb\u00bb transform_skew_phone=\u00bb\u00bb transform_skew_last_edited=\u00bbon|desktop\u00bb transform_origin_tablet=\u00bb\u00bb transform_origin_phone=\u00bb\u00bb transform_origin_last_edited=\u00bbon|desktop\u00bb transform_styles_last_edited=\u00bbon|desktop\u00bb z_index=\u00bb10&#8243; custom_padding=\u00bb40px|30px|40px|30px|true|true\u00bb custom_padding_tablet=\u00bb|30px||30px|true|true\u00bb custom_padding_phone=\u00bb|20px||20px|true|true\u00bb custom_padding_last_edited=\u00bbon|desktop\u00bb transform_styles_tablet=\u00bb\u00bb transform_styles_phone=\u00bb\u00bb global_colors_info=\u00bb{}\u00bb][et_pb_text _builder_version=\u00bb4.27.4&#8243; _module_preset=\u00bb5ff55506-da7d-4dd7-b409-9d62c7203201&#8243; text_font=\u00bbArchivo||||||||\u00bb text_text_color=\u00bbrgba(0,0,0,0.72)\u00bb text_font_size=\u00bb16px\u00bb text_line_height=\u00bb1.8em\u00bb text_font_size_tablet=\u00bb15px\u00bb text_font_size_phone=\u00bb14px\u00bb text_font_size_last_edited=\u00bbon|phone\u00bb header_font_size_tablet=\u00bb55px\u00bb header_font_size_last_edited=\u00bboff|desktop\u00bb global_colors_info=\u00bb{}\u00bb]<\/p>\n<p><span style=\"font-weight: 400;\">A pesar de haber recibido todas las atenciones b\u00e1sicas que un ni\u00f1o debe tener, siento que no las tuve. Mi ni\u00f1ez fue marcada por la falta de amor de mi madre y mi abuela\u00a0 hacia m\u00ed. Hasta el momento, puedo decir que no he escuchado de sus bocas\u00a0 un \u201cte amo\u201d, ni he recibido abrazos como lo suelen hacer las dem\u00e1s familias. Solo puedo decir que tiene las atenciones econ\u00f3micas y la dedicaci\u00f3n que solo una madre soltera puede tener. Nunca pude entender el porqu\u00e9 de su forma de actuar frente a m\u00ed; solo me preguntaba: \u00bfSer\u00e1 que mi madre y mi abuela me aman? Despu\u00e9s entend\u00ed el origen de esa falta de amor, porque a trav\u00e9s de una catarsis y una serie de observaciones en mi familia, comprend\u00ed que esta historia se estaba repitiendo nuevamente en diferentes contextos.<\/span><\/p>\n<p>[\/et_pb_text][\/et_pb_column][et_pb_column type=\u00bb3_5&#8243; _builder_version=\u00bb4.16&#8243; _module_preset=\u00bbdefault\u00bb background_enable_color=\u00bboff\u00bb background_image=\u00bbhttps:\/\/www.floresderesiliencia.revistacitrico.com\/wp-content\/uploads\/2025\/05\/Group-136.png\u00bb custom_padding=\u00bb96px|40px|96px|100px|true|false\u00bb custom_padding_tablet=\u00bb30px|30px|30px|30px|true|true\u00bb custom_padding_phone=\u00bb|20px||20px|true|true\u00bb custom_padding_last_edited=\u00bbon|phone\u00bb global_colors_info=\u00bb{}\u00bb][et_pb_text _builder_version=\u00bb4.27.4&#8243; _module_preset=\u00bb41d5859c-fbaa-458a-88e4-5d886857f235&#8243; text_font=\u00bbArchivo||||||||\u00bb text_text_color=\u00bb#FFFFFF\u00bb text_font_size=\u00bb18px\u00bb text_line_height=\u00bb1.8em\u00bb text_font_size_tablet=\u00bb16px\u00bb text_font_size_phone=\u00bb13px\u00bb text_font_size_last_edited=\u00bbon|phone\u00bb locked=\u00bboff\u00bb global_colors_info=\u00bb{}\u00bb]<\/p>\n<p><i><span style=\"font-weight: 400;\">Las vidas se tocan, unas con otras, y se pasan rasgos, comportamientos, entre otras cosas. Hasta ahora no he entendido por qu\u00e9 mi madre se ha comportado conmigo de una forma tan particular. Por eso, quise indagar sobre las formas de educaci\u00f3n de ella para saber de qu\u00e9 manera su vida toc\u00f3 a la m\u00eda. Actualmente se habla mucho de la violencia de g\u00e9nero, pero las cosas no s\u00f3lo existen cuando se empieza a hablar de ellas.<\/span><\/i><\/p>\n<p>[\/et_pb_text][\/et_pb_column][\/et_pb_row][\/et_pb_section][et_pb_section fb_built=\u00bb1&#8243; admin_label=\u00bbAbout\u00bb _builder_version=\u00bb4.27.4&#8243; _module_preset=\u00bbdefault\u00bb background_color=\u00bb#420084&#8243; background_image=\u00bbhttps:\/\/www.floresderesiliencia.revistacitrico.com\/wp-content\/uploads\/2025\/05\/22052025-Imagen-de-WhatsApp-2025-05-22-a-las-10.59.30_11506586-copia.png\u00bb width=\u00bb100%\u00bb custom_padding=\u00bb||15vw||false|false\u00bb global_colors_info=\u00bb{}\u00bb][et_pb_row column_structure=\u00bb1_2,1_2&#8243; _builder_version=\u00bb4.16&#8243; _module_preset=\u00bbdefault\u00bb border_width_bottom=\u00bb1px\u00bb border_color_bottom=\u00bb#05060d\u00bb global_colors_info=\u00bb{}\u00bb][et_pb_column type=\u00bb1_2&#8243; _builder_version=\u00bb4.16&#8243; _module_preset=\u00bbdefault\u00bb global_colors_info=\u00bb{}\u00bb][et_pb_image src=\u00bbhttps:\/\/www.floresderesiliencia.revistacitrico.com\/wp-content\/uploads\/2025\/05\/25052023-IMG_9451-2.png\u00bb title_text=\u00bb25052023-IMG_9451 (2)\u00bb _builder_version=\u00bb4.27.4&#8243; _module_preset=\u00bbdefault\u00bb global_colors_info=\u00bb{}\u00bb][\/et_pb_image][\/et_pb_column][et_pb_column type=\u00bb1_2&#8243; _builder_version=\u00bb4.16&#8243; _module_preset=\u00bbdefault\u00bb global_colors_info=\u00bb{}\u00bb][et_pb_text _builder_version=\u00bb4.16&#8243; _module_preset=\u00bb41d5859c-fbaa-458a-88e4-5d886857f235&#8243; text_font=\u00bbArchivo||||||||\u00bb text_text_color=\u00bbRGBA(0,0,0,0.72)\u00bb text_font_size=\u00bb18px\u00bb text_line_height=\u00bb1.8em\u00bb text_font_size_tablet=\u00bb16px\u00bb text_font_size_phone=\u00bb13px\u00bb text_font_size_last_edited=\u00bbon|phone\u00bb locked=\u00bboff\u00bb global_colors_info=\u00bb{}\u00bb]<\/p>\n<p><span style=\"font-weight: 400; color: rgba(252, 252, 252, 0.72);\">Carmela Patascoy, mi bisabuela, no le dio ning\u00fan tipo de afecto a mi abuela Rosa. Me resolvi\u00f3 la duda cuando, en una charla el 20 de abril en la tarde a la hora del caf\u00e9, me dijo: \u201cCuando era ni\u00f1a, pues yo me acuerdo que con mi mam\u00e1 no me \u2018ense\u00f1aba\u2019, porque ella era muy grosera y me acababa de pegar con palos o lo que pod\u00eda\u201d, dijo Rosa. Seg\u00fan ella, no lo entend\u00eda. Por esta raz\u00f3n, siendo la primera hija de sus padres, abandon\u00f3 su hogar por voluntad propia a los 6 a\u00f1os de edad y decidi\u00f3 trasladarse a la casa de sus abuelos paternos, Polonia Tutistar y Jos\u00e9 Patascoy, quienes viv\u00edan en el barrio Anganoy de la ciudad de Pasto. Puedo decir que mi abuela no recuerda m\u00e1s de ello, debe ser porque actualmente tiene 80 a\u00f1os.\u00a0 <\/span><\/p>\n<p>[\/et_pb_text][\/et_pb_column][\/et_pb_row][et_pb_row column_structure=\u00bb1_2,1_2&#8243; _builder_version=\u00bb4.16&#8243; _module_preset=\u00bbdefault\u00bb border_width_bottom=\u00bb1px\u00bb border_color_bottom=\u00bb#05060d\u00bb global_colors_info=\u00bb{}\u00bb][et_pb_column type=\u00bb1_2&#8243; _builder_version=\u00bb4.16&#8243; _module_preset=\u00bbdefault\u00bb global_colors_info=\u00bb{}\u00bb][et_pb_image src=\u00bbhttps:\/\/www.floresderesiliencia.revistacitrico.com\/wp-content\/uploads\/2025\/05\/22052025-Imagen-de-WhatsApp-2025-05-22-a-las-10.58.31_11685e5d.png\u00bb title_text=\u00bb22052025-Imagen de WhatsApp 2025-05-22 a las 10.58.31_11685e5d\u00bb _builder_version=\u00bb4.27.4&#8243; _module_preset=\u00bbdefault\u00bb global_colors_info=\u00bb{}\u00bb][\/et_pb_image][et_pb_image src=\u00bbhttps:\/\/www.floresderesiliencia.revistacitrico.com\/wp-content\/uploads\/2025\/05\/12042024-IMG_6512.png\u00bb title_text=\u00bb12042024-IMG_6512&#8243; _builder_version=\u00bb4.27.4&#8243; _module_preset=\u00bbdefault\u00bb global_colors_info=\u00bb{}\u00bb][\/et_pb_image][\/et_pb_column][et_pb_column type=\u00bb1_2&#8243; _builder_version=\u00bb4.16&#8243; _module_preset=\u00bbdefault\u00bb global_colors_info=\u00bb{}\u00bb][et_pb_text _builder_version=\u00bb4.16&#8243; _module_preset=\u00bb41d5859c-fbaa-458a-88e4-5d886857f235&#8243; text_font=\u00bbArchivo||||||||\u00bb text_text_color=\u00bbRGBA(0,0,0,0.72)\u00bb text_font_size=\u00bb18px\u00bb text_line_height=\u00bb1.8em\u00bb text_font_size_tablet=\u00bb16px\u00bb text_font_size_phone=\u00bb13px\u00bb text_font_size_last_edited=\u00bbon|phone\u00bb locked=\u00bboff\u00bb global_colors_info=\u00bb{}\u00bb]<\/p>\n<p><span style=\"font-weight: 400;\"><span style=\"color: rgba(255, 255, 255, 0.72);\">M\u00e1s adelante en la noche, <span style=\"color: rgba(255, 255, 255, 0.72);\">cuando lleg\u00f3 mi madre de su trabajo, le pregunt\u00e9 con mucha cautela si se sent\u00eda amada por su madre. Ella me respondi\u00f3: \u201cElla siempre ha sido as\u00ed de fr\u00eda con nuestros hermanos y conmigo, debe ser por todo lo que vivi\u00f3 desde ni\u00f1a y porque mi pap\u00e1 le pegaba\u201d. Ah\u00ed entend\u00ed que nuestras vidas se parec\u00edan porque ese mismo pensamiento lo tengo sobre mi madre. Seg\u00fan la teor\u00eda de Fackle y Walker se puede decir que la transmisi\u00f3n de patrones de comportamiento, se ven afectados con hechos violencia y la falta de amor y como un proceso de comunicaci\u00f3n intergeneracional. La teor\u00eda se centra en las relaciones<\/span> intergeneracionales y se refiere a la influencia rec\u00edproca entre generaciones dentro de un grupo social o una sociedad. Esto significa que ciertos procesos familiares de comunicaci\u00f3n se pueden transmitir y perpetuar el comportamiento o la comunicaci\u00f3n no verbal y verbal. En el caso de mi familia, este proceso de comunicaci\u00f3n se ha vivido de manera inconsciente y se ha manifestado en la comunicaci\u00f3n no verbal. Por ejemplo, en mi caso, tampoco recib\u00ed amor y afecto por parte de mi madre\u00a0 porque estaba ocupada en su trabajo. Adem\u00e1s, su estabilidad emocional no era la mejor en ese entonces. Seg\u00fan mi madre ella termin\u00f3 su relaci\u00f3n amorosa con mi pap\u00e1 porque no recibi\u00f3 la suficiente\u00a0 atenci\u00f3n que una pareja debe tener, a pesar de que ella siempre tuvo la iniciativa de dar lo mejor para que la relaci\u00f3n dure.\u00a0<\/span><\/span><\/p>\n<p>[\/et_pb_text][\/et_pb_column][\/et_pb_row][et_pb_row column_structure=\u00bb1_2,1_2&#8243; _builder_version=\u00bb4.16&#8243; _module_preset=\u00bbdefault\u00bb border_width_bottom=\u00bb1px\u00bb border_color_bottom=\u00bb#05060d\u00bb global_colors_info=\u00bb{}\u00bb][et_pb_column type=\u00bb1_2&#8243; _builder_version=\u00bb4.16&#8243; _module_preset=\u00bbdefault\u00bb global_colors_info=\u00bb{}\u00bb][et_pb_image src=\u00bbhttps:\/\/www.floresderesiliencia.revistacitrico.com\/wp-content\/uploads\/2025\/05\/22052025-pexels-photo-14541148-copia.png\u00bb title_text=\u00bb22052025-pexels-photo-14541148 copia\u00bb _builder_version=\u00bb4.27.4&#8243; _module_preset=\u00bbdefault\u00bb global_colors_info=\u00bb{}\u00bb][\/et_pb_image][et_pb_image src=\u00bbhttps:\/\/www.floresderesiliencia.revistacitrico.com\/wp-content\/uploads\/2025\/05\/22052025-18661d88-41fc-4db6-98d3-4c94132c56b0.png\u00bb title_text=\u00bb22052025-18661d88-41fc-4db6-98d3-4c94132c56b0&#8243; _builder_version=\u00bb4.27.4&#8243; _module_preset=\u00bbdefault\u00bb global_colors_info=\u00bb{}\u00bb][\/et_pb_image][et_pb_image src=\u00bbhttps:\/\/www.floresderesiliencia.revistacitrico.com\/wp-content\/uploads\/2025\/05\/487449860_3877440889190294_7159663570690064106_n-copia.png\u00bb title_text=\u00bb487449860_3877440889190294_7159663570690064106_n copia\u00bb _builder_version=\u00bb4.27.4&#8243; _module_preset=\u00bbdefault\u00bb global_colors_info=\u00bb{}\u00bb][\/et_pb_image][\/et_pb_column][et_pb_column type=\u00bb1_2&#8243; _builder_version=\u00bb4.16&#8243; _module_preset=\u00bbdefault\u00bb global_colors_info=\u00bb{}\u00bb][et_pb_text _builder_version=\u00bb4.16&#8243; _module_preset=\u00bb41d5859c-fbaa-458a-88e4-5d886857f235&#8243; text_font=\u00bbArchivo||||||||\u00bb text_text_color=\u00bbRGBA(0,0,0,0.72)\u00bb text_font_size=\u00bb18px\u00bb text_line_height=\u00bb1.8em\u00bb text_font_size_tablet=\u00bb16px\u00bb text_font_size_phone=\u00bb13px\u00bb text_font_size_last_edited=\u00bbon|phone\u00bb locked=\u00bboff\u00bb global_colors_info=\u00bb{}\u00bb]<\/p>\n<p><span style=\"font-weight: 400; color: rgba(255, 255, 255, 0.72);\">Al d\u00eda siguiente, el domingo 21 de abril, tuve una charla con mi abuela durante el almuerzo. Le pregunt\u00e9 cu\u00e1l fue ese hecho que marc\u00f3 su pasado y ella me respondi\u00f3: el matrimonio. Me cont\u00f3 que despu\u00e9s de 3 a\u00f1os de casada con mi abuelo Harold L\u00f3pez, \u00e9l obtuvo su primer empleo como alba\u00f1il en la Universidad de Nari\u00f1o. Desde ah\u00ed comenz\u00f3 un desencadenamiento de golpes hacia mi abuela y sus hijos. Seg\u00fan mi abuela Rosa, ella sal\u00eda corriendo a medianoche porque su esposo Harold\u00a0 llegaba borracho. Ella se escond\u00eda en las ci\u00e9nagas hasta que \u00e9l se quedara dormido para poder regresar a su hogar, porque de lo contrario, \u00e9l le pegaba a ella y a sus hijos.\u00a0<\/span><\/p>\n<p><span style=\"font-weight: 400;\">\u00a0<\/span><\/p>\n<p><span style=\"font-weight: 400; color: rgba(255, 255, 255, 0.72);\">&#8211; A veces me ped\u00eda la comida y yo pues le pasaba con lo que ten\u00eda y me la tiraba, pues quer\u00eda comer con carne y como no ten\u00eda, me tiraba el plato en la cara, dijo mi abuelita Rosa.<\/span><\/p>\n<p><span style=\"font-weight: 400;\">\u00a0<\/span><\/p>\n<p><span style=\"font-weight: 400; color: rgba(255, 255, 255, 0.72);\">Le pregunt\u00e9 por qu\u00e9 aguant\u00f3 todo eso, y me dijo que lo hac\u00eda porque tem\u00eda que la dejase sin nada, sin su casa. Entonces esa fue su soluci\u00f3n; entend\u00ed que ella aceptaba esas agresiones porque su identidad se construye desde la crianza de su abuela Polonia. Eso influy\u00f3 en la construcci\u00f3n de su realidad, debido a que desde muy peque\u00f1a fue criada para que fuese una buena ama de casa. Ella dice: \u201cYo me quedaba en la casa mientras ella (su abuela), se iba a cortar trigo. Me sab\u00eda dejar que cocinara y me ense\u00f1\u00f3 a coser a mano, me dec\u00eda que deb\u00eda coser como las m\u00e1quinas\u201d.<\/span><\/p>\n<p><span style=\"font-weight: 400;\">\u00a0<\/span><\/p>\n<p><span style=\"font-weight: 400; color: rgba(255, 255, 255, 0.72);\">Lo que vivieron mi abuela y mi madre en su crianza me llevaron a lo que Paul Ricoeur llama\u00a0 \u201cidentidad narrativa\u201d, esa que se construye cuando adquirimos experiencia de lo vivido. Las historias que me contaron tambi\u00e9n hacen parte de mi vida, y de mi identidad. La realidad de mi familia ha sido marcada por la violencia, incluso, por la\u00a0 falta de amor, pero ahora mi identidad poco a poco se ha venido transformando.\u00a0<\/span><\/p>\n<p><span style=\"font-weight: 400;\">\u00a0<\/span><\/p>\n<p>[\/et_pb_text][\/et_pb_column][\/et_pb_row][et_pb_row column_structure=\u00bb1_2,1_2&#8243; _builder_version=\u00bb4.16&#8243; _module_preset=\u00bbdefault\u00bb border_width_bottom=\u00bb1px\u00bb border_color_bottom=\u00bb#05060d\u00bb global_colors_info=\u00bb{}\u00bb][et_pb_column type=\u00bb1_2&#8243; _builder_version=\u00bb4.16&#8243; _module_preset=\u00bbdefault\u00bb global_colors_info=\u00bb{}\u00bb][et_pb_image src=\u00bbhttps:\/\/www.floresderesiliencia.revistacitrico.com\/wp-content\/uploads\/2025\/05\/20052025-Imagen-de-WhatsApp-2025-05-20-a-las-14.27.07_cf6f5c81.png\u00bb _builder_version=\u00bb4.27.4&#8243; _module_preset=\u00bbdefault\u00bb hover_enabled=\u00bb0&#8243; sticky_enabled=\u00bb0&#8243; title_text=\u00bb20052025-Imagen de WhatsApp 2025-05-20 a las 14.27.07_cf6f5c81&#8243;][\/et_pb_image][et_pb_image src=\u00bbhttps:\/\/www.floresderesiliencia.revistacitrico.com\/wp-content\/uploads\/2025\/05\/19052025-Imagen-de-WhatsApp-2025-05-18-a-las-23.49.29_7f369b0a.png\u00bb _builder_version=\u00bb4.27.4&#8243; _module_preset=\u00bbdefault\u00bb hover_enabled=\u00bb0&#8243; sticky_enabled=\u00bb0&#8243; title_text=\u00bb19052025-Imagen de WhatsApp 2025-05-18 a las 23.49.29_7f369b0a\u00bb][\/et_pb_image][et_pb_image src=\u00bbhttps:\/\/www.floresderesiliencia.revistacitrico.com\/wp-content\/uploads\/2025\/05\/06042024-IMG_6407-2.png\u00bb _builder_version=\u00bb4.27.4&#8243; _module_preset=\u00bbdefault\u00bb hover_enabled=\u00bb0&#8243; sticky_enabled=\u00bb0&#8243; title_text=\u00bb06042024-IMG_6407 (2)\u00bb][\/et_pb_image][\/et_pb_column][et_pb_column type=\u00bb1_2&#8243; _builder_version=\u00bb4.16&#8243; _module_preset=\u00bbdefault\u00bb global_colors_info=\u00bb{}\u00bb][et_pb_text _builder_version=\u00bb4.16&#8243; _module_preset=\u00bb41d5859c-fbaa-458a-88e4-5d886857f235&#8243; text_font=\u00bbArchivo||||||||\u00bb text_text_color=\u00bbRGBA(0,0,0,0.72)\u00bb text_font_size=\u00bb18px\u00bb text_line_height=\u00bb1.8em\u00bb text_font_size_tablet=\u00bb16px\u00bb text_font_size_phone=\u00bb13px\u00bb text_font_size_last_edited=\u00bbon|phone\u00bb locked=\u00bboff\u00bb global_colors_info=\u00bb{}\u00bb]<\/p>\n<p>&nbsp;<\/p>\n<p><span style=\"font-weight: 400;\"><span style=\"color: rgba(255, 255, 255, 0.72);\">El 22 de noviembre, mientras hac\u00eda catarsis e indagaba, record\u00e9 un cambio positivo en mi familia. Todo sucedi\u00f3 cuando a mi abuela le dio un derrame cerebral, lo cual impuls\u00f3 a mi madre y a sus hermanos a mostrar su lado afectivo. Recordando cuando mi abuela regres\u00f3 del hospital, todos ellos le dijeron por primera vez que la amaban, y le dieron besos y abrazos. Adem\u00e1s, la comunicaci\u00f3n entre ellas mejor\u00f3; mi abuela apoya y comprende cada proceso de vida de mi madre. Ellas ten\u00edan muchos problemas de comunicaci\u00f3n, recuerdo que no se llevaban bien, porque mi abuela dec\u00eda que mi madre no era su hija porque ella ten\u00eda la escritura de su propiedad. Hoy, mi madre agradece a mi abuela Rosa que su propiedad <span style=\"color: rgba(255, 255, 255, 0.72);\">est\u00e9 a su cargo, ya que si la hubiese tenido, tal vez se hubiese perdido por las deudas que en ese entonces la consum\u00edan. Desde ese suceso , mi realidad cambi\u00f3, ya que mi madre Sonia no me daba el afecto que requiero, pero mejor\u00f3 la comunicaci\u00f3n conmigo y con mi abuela, porque al menos le cuento de mis problemas personales. Aunque el tema de la violencia de g\u00e9nero por parte de mi madre Sonia y mi abuela Rosa persiste. Sonia, mi madre, ha tomado esta postura frente a lo dicho alguna vez por mi bisabuela Genoveva: \u201cNo vaya a esperar tanto de los hombres, que no me vaya a echar a morir, que una mujer puede salir adelante sola y que uno tiene que valorarse y hacerse respetar\u00bb. Mi bisabuela Genoveva sol\u00eda<\/span> decir esto porque consideraba que los hombres no son responsables cuando son infieles a la hora de tener hijos, sino m\u00e1s bien esto ocasiona que tengan hijos con varias mujeres, por tal raz\u00f3n se debe tener cuidado de ellos. Por su parte, mi abuela Rosa opina que: \u201cUna mujer puede salir adelante. Yo bien bruta no era de haberme casado\u201d. Estas posturas reflejan una realidad que muchas mujeres contin\u00faan enfrentando. Sin embargo, es importante recordar que cada individuo es diferente y no todos los hombres se comportan de la manera que lo describe mi bisabuela Genoveva. Por otro lado, se puede decir que las experiencias de violencia de g\u00e9nero que han tenido las mujeres han logrado procesos de resiliencia por medio de la fortaleza espiritual y las flores.<\/span><\/span><\/p>\n<p>[\/et_pb_text][\/et_pb_column][\/et_pb_row][\/et_pb_section]<\/p>\n","protected":false},"excerpt":{"rendered":"<p>\u00bfLas vidas cambian y se fortalecen?Autor: Christian Camilo Maigual L\u00f3pezA pesar de haber recibido todas las atenciones b\u00e1sicas que un ni\u00f1o debe tener, siento que no las tuve. Mi ni\u00f1ez fue marcada por la falta de amor de mi madre y mi abuela\u00a0 hacia m\u00ed. Hasta el momento, puedo decir que no he escuchado de sus bocas\u00a0 un \u201cte amo\u201d, ni he recibido abrazos como lo suelen hacer las dem\u00e1s familias. Solo puedo decir que tiene las atenciones econ\u00f3micas y la dedicaci\u00f3n que solo una madre soltera puede tener. Nunca pude entender el porqu\u00e9 de su forma de actuar frente a m\u00ed; solo me preguntaba: \u00bfSer\u00e1 que mi madre y mi abuela me aman? Despu\u00e9s entend\u00ed el origen de esa falta de amor, porque a trav\u00e9s de una catarsis y una serie de observaciones en mi familia, comprend\u00ed que esta historia se estaba repitiendo nuevamente en diferentes contextos.Las vidas se tocan, unas con otras, y se pasan rasgos, comportamientos, entre otras cosas. Hasta ahora no he entendido por qu\u00e9 mi madre se ha comportado conmigo de una forma tan particular. Por eso, quise indagar sobre las formas de educaci\u00f3n de ella para saber de qu\u00e9 manera su vida toc\u00f3 a [&hellip;]<\/p>\n","protected":false},"author":1,"featured_media":0,"parent":0,"menu_order":0,"comment_status":"closed","ping_status":"closed","template":"","meta":{"_et_pb_use_builder":"on","_et_pb_old_content":"","_et_gb_content_width":"","footnotes":""},"class_list":["post-279","page","type-page","status-publish","hentry"],"_links":{"self":[{"href":"https:\/\/www.floresderesiliencia.revistacitrico.com\/index.php\/wp-json\/wp\/v2\/pages\/279","targetHints":{"allow":["GET"]}}],"collection":[{"href":"https:\/\/www.floresderesiliencia.revistacitrico.com\/index.php\/wp-json\/wp\/v2\/pages"}],"about":[{"href":"https:\/\/www.floresderesiliencia.revistacitrico.com\/index.php\/wp-json\/wp\/v2\/types\/page"}],"author":[{"embeddable":true,"href":"https:\/\/www.floresderesiliencia.revistacitrico.com\/index.php\/wp-json\/wp\/v2\/users\/1"}],"replies":[{"embeddable":true,"href":"https:\/\/www.floresderesiliencia.revistacitrico.com\/index.php\/wp-json\/wp\/v2\/comments?post=279"}],"version-history":[{"count":45,"href":"https:\/\/www.floresderesiliencia.revistacitrico.com\/index.php\/wp-json\/wp\/v2\/pages\/279\/revisions"}],"predecessor-version":[{"id":475,"href":"https:\/\/www.floresderesiliencia.revistacitrico.com\/index.php\/wp-json\/wp\/v2\/pages\/279\/revisions\/475"}],"wp:attachment":[{"href":"https:\/\/www.floresderesiliencia.revistacitrico.com\/index.php\/wp-json\/wp\/v2\/media?parent=279"}],"curies":[{"name":"wp","href":"https:\/\/api.w.org\/{rel}","templated":true}]}}